{"id":5836,"date":"2020-12-05T03:03:14","date_gmt":"2020-12-05T02:03:14","guid":{"rendered":"http:\/\/s849918743.mialojamiento.es\/cuenta-de-membresia\/tipos-de-suscripcion"},"modified":"2026-04-18T13:25:38","modified_gmt":"2026-04-18T11:25:38","slug":"subscription-types","status":"publish","type":"page","link":"https:\/\/swingdancehome.com\/en\/membership-account-2\/subscription-types\/","title":{"rendered":"Subscription Types"},"content":{"rendered":"<div data-elementor-type=\"wp-page\" data-elementor-id=\"5836\" class=\"elementor elementor-5836\" data-elementor-post-type=\"page\">\n\t\t\t\t<div class=\"elementor-element elementor-element-86e7c50 e-flex e-con-boxed e-con e-parent\" data-id=\"86e7c50\" data-element_type=\"container\" data-e-type=\"container\">\n\t\t\t\t\t<div class=\"e-con-inner\">\n\t\t\t\t<div class=\"elementor-element elementor-element-572fef0 elementor-widget elementor-widget-stm_membership_levels\" data-id=\"572fef0\" data-element_type=\"widget\" data-e-type=\"widget\" data-widget_type=\"stm_membership_levels.default\">\n\t\t\t\t<div class=\"elementor-widget-container\">\n\t\t\t\t\t\n<div class=\"stm_lms_levels__head\">\n\t<h1 class=\"stm_lms_levels__head_title\">Membership plans<\/h1>\n<\/div>\n\n<div class=\"stm_lms_levels__wrapper\">\n\t\n\t\t<div class=\"stm_lms_levels__container\">\n\t\t\t<div class=\"stm_lms_levels\">\n\t\t\t\t\t\t\t\t<div class=\"stm_lms_levels__name\">\n\t\t\t\t\t<h2 class=\"stm_lms_levels__name_title\">\n\t\t\t\t\t\tMONTHLY PLAN\t\t\t\t\t\t\t\t\t\t\t\t\t<span class=\"stm_lms_levels__name_period\">\n\t\t\t\t\t\t\t\t \/ per Month*\t\t\t\t\t\t\t<\/span>\n\t\t\t\t\t\t\t\t\t\t\t<\/h2>\n\t\t\t\t<\/div>\n\t\t\t\t<div class=\"stm_lms_levels__price\">\n\t\t\t\t\t<h3 class=\"stm_lms_levels__price_value price_&lt;sup&gt;&euro;&lt;\/sup&gt;28.00\"><sup>&euro;<\/sup>28.00<\/h3>\n\t\t\t\t<\/div>\n\t\t\t\t\t\t\t\t\t<div class=\"stm_lms_levels__price_description\">\n\t\t\t\t\t\t* The price for membership is <strong><sup>&euro;<\/sup>28.00 per Month<\/strong>. \t\t\t\t\t<\/div>\n\t\t\t\t\t\t\t\t\t\t\t\t\t<div class=\"stm_lms_levels__description\">\n\t\t\t\t\t\t<ul>\r\n \t<li>7 courses for FOLLOWERS<\/li>\r\n \t<li>3 courses on SOLO JAZZ<\/li>\r\n \t<li>Music playlists for practise<\/li>\r\n \t<li>One-on-one support\u00a0<\/li>\r\n \t<li>Unsubscribe whenever you want (<span style=\"color: #000000\">automatic renewal<\/span>)<\/li>\r\n<\/ul>\t\t\t\t\t<\/div>\n\t\t\t\t\t\t\t\t<div class=\"stm_lms_levels__order\">\n\t\t\t\t\t<div class=\"stm_lms_levels__button before_level_items\">\n\t\t\t\t\t\t<a class=\"stm_lms_levels__button_element\" href=\"https:\/\/swingdancehome.com\/en\/membership-account-2\/membership-payment\/?level=3\">\n\t\t\t\t\t\t\tGet started\t\t\t\t\t\t<\/a>\n\t\t\t\t\t<\/div>\n\t\t\t\t\t<div class=\"stm_lms_levels__items\">\n\t\t\t\t\t\t\t\t\t\t\t\t\t<div class=\"stm_lms_levels__item\">\n\t\t\t\t\t\t\t\t<span class=\"stm_lms_levels__items_icon\">\n\t\t\t\t\t\t\t\t\t\t\t\t\t\t\t\t\t\t\t\t<i class=\"stmlms-check-3-circle\"><\/i>\n\t\t\t\t\t\t\t\t\t\t\t\t\t\t\t\t\t\t\t<\/span>\n\t\t\t\t\t\t\t\tCourses included: unlim\t\t\t\t\t\t\t<\/div>\n\t\t\t\t\t\t\t\t\t\t\t\t\t\t\t\t\t<\/div>\n\t\t\t\t<\/div>\n\t\t\t<\/div>\n\t\t<\/div>\n\t\n\t\t<div class=\"stm_lms_levels__container\">\n\t\t\t<div class=\"stm_lms_levels\">\n\t\t\t\t\t\t\t\t\t\t\t<div class=\"stm_lms_levels__mark position_right\">\n\t\t\t\t\t\t\t\t<h3 class=\"stm_lms_levels__mark_title elementor-repeater-item-fc4aa87\">\n\t\t\t\t\t\t\t\t\t<span>Popular<\/span>\n\t\t\t\t\t\t\t\t<\/h3>\n\t\t\t\t\t\t\t<\/div>\n\t\t\t\t\t\t\t\t\t\t\t<div class=\"stm_lms_levels__name\">\n\t\t\t\t\t<h2 class=\"stm_lms_levels__name_title\">\n\t\t\t\t\t\t6 MONTH PLAN\t\t\t\t\t\t\t\t\t\t\t\t\t<span class=\"stm_lms_levels__name_period\">\n\t\t\t\t\t\t\t\t \/ per 6 Months*\t\t\t\t\t\t\t<\/span>\n\t\t\t\t\t\t\t\t\t\t\t<\/h2>\n\t\t\t\t<\/div>\n\t\t\t\t<div class=\"stm_lms_levels__price\">\n\t\t\t\t\t<h3 class=\"stm_lms_levels__price_value price_&lt;sup&gt;&euro;&lt;\/sup&gt;144.00\"><sup>&euro;<\/sup>144.00<\/h3>\n\t\t\t\t<\/div>\n\t\t\t\t\t\t\t\t\t<div class=\"stm_lms_levels__price_description\">\n\t\t\t\t\t\t* The price for membership is <strong><sup>&euro;<\/sup>144.00 every 6 Months<\/strong>. \t\t\t\t\t<\/div>\n\t\t\t\t\t\t\t\t\t\t\t\t\t<div class=\"stm_lms_levels__description\">\n\t\t\t\t\t\t<ul>\r\n \t<li>7 courses for FOLLOWERS<\/li>\r\n \t<li>3 courses on SOLO JAZZ<\/li>\r\n \t<li>Music playlists for practise<\/li>\r\n \t<li>One-on-one support\u00a0<\/li>\r\n \t<li>Automatic renewal<\/li>\r\n<\/ul>\t\t\t\t\t<\/div>\n\t\t\t\t\t\t\t\t<div class=\"stm_lms_levels__order\">\n\t\t\t\t\t<div class=\"stm_lms_levels__button before_level_items\">\n\t\t\t\t\t\t<a class=\"stm_lms_levels__button_element\" href=\"https:\/\/swingdancehome.com\/en\/membership-account-2\/membership-payment\/?level=4\">\n\t\t\t\t\t\t\tGet started\t\t\t\t\t\t<\/a>\n\t\t\t\t\t<\/div>\n\t\t\t\t\t<div class=\"stm_lms_levels__items\">\n\t\t\t\t\t\t\t\t\t\t\t\t\t<div class=\"stm_lms_levels__item\">\n\t\t\t\t\t\t\t\t<span class=\"stm_lms_levels__items_icon\">\n\t\t\t\t\t\t\t\t\t\t\t\t\t\t\t\t\t\t\t\t<i class=\"stmlms-check-3-circle\"><\/i>\n\t\t\t\t\t\t\t\t\t\t\t\t\t\t\t\t\t\t\t<\/span>\n\t\t\t\t\t\t\t\tCourses included: unlim\t\t\t\t\t\t\t<\/div>\n\t\t\t\t\t\t\t\t\t\t\t\t\t\t\t\t\t<\/div>\n\t\t\t\t<\/div>\n\t\t\t<\/div>\n\t\t<\/div>\n\t\n\t\t<div class=\"stm_lms_levels__container\">\n\t\t\t<div class=\"stm_lms_levels\">\n\t\t\t\t\t\t\t\t<div class=\"stm_lms_levels__name\">\n\t\t\t\t\t<h2 class=\"stm_lms_levels__name_title\">\n\t\t\t\t\t\tANNUAL PLAN\t\t\t\t\t\t\t\t\t\t\t\t\t<span class=\"stm_lms_levels__name_period\">\n\t\t\t\t\t\t\t\t \/ per Year*\t\t\t\t\t\t\t<\/span>\n\t\t\t\t\t\t\t\t\t\t\t<\/h2>\n\t\t\t\t<\/div>\n\t\t\t\t<div class=\"stm_lms_levels__price\">\n\t\t\t\t\t<h3 class=\"stm_lms_levels__price_value price_&lt;sup&gt;&euro;&lt;\/sup&gt;264.00\"><sup>&euro;<\/sup>264.00<\/h3>\n\t\t\t\t<\/div>\n\t\t\t\t\t\t\t\t\t<div class=\"stm_lms_levels__price_description\">\n\t\t\t\t\t\t* The price for membership is <strong><sup>&euro;<\/sup>264.00 per Year<\/strong>. \t\t\t\t\t<\/div>\n\t\t\t\t\t\t\t\t\t\t\t\t\t<div class=\"stm_lms_levels__description\">\n\t\t\t\t\t\t<ul>\r\n \t<li>7 courses for FOLLOWERS<\/li>\r\n \t<li>3 courses on SOLO JAZZ<\/li>\r\n \t<li>Music playlists for practise<\/li>\r\n \t<li>One-on-one support\u00a0<\/li>\r\n \t<li>Automatic renewal<\/li>\r\n<\/ul>\t\t\t\t\t<\/div>\n\t\t\t\t\t\t\t\t<div class=\"stm_lms_levels__order\">\n\t\t\t\t\t<div class=\"stm_lms_levels__button before_level_items\">\n\t\t\t\t\t\t<a class=\"stm_lms_levels__button_element\" href=\"https:\/\/swingdancehome.com\/en\/membership-account-2\/membership-payment\/?level=5\">\n\t\t\t\t\t\t\tGet started\t\t\t\t\t\t<\/a>\n\t\t\t\t\t<\/div>\n\t\t\t\t\t<div class=\"stm_lms_levels__items\">\n\t\t\t\t\t\t\t\t\t\t\t\t\t<div class=\"stm_lms_levels__item\">\n\t\t\t\t\t\t\t\t<span class=\"stm_lms_levels__items_icon\">\n\t\t\t\t\t\t\t\t\t\t\t\t\t\t\t\t\t\t\t\t<i class=\"stmlms-check-3-circle\"><\/i>\n\t\t\t\t\t\t\t\t\t\t\t\t\t\t\t\t\t\t\t<\/span>\n\t\t\t\t\t\t\t\tCourses included: unlim\t\t\t\t\t\t\t<\/div>\n\t\t\t\t\t\t\t\t\t\t\t\t\t\t\t\t\t<\/div>\n\t\t\t\t<\/div>\n\t\t\t<\/div>\n\t\t<\/div>\n\t<\/div>\n\t\t\t\t<\/div>\n\t\t\t\t<\/div>\n\t\t<div class=\"elementor-element elementor-element-4c4fbbb e-con-full e-flex e-con e-child\" data-id=\"4c4fbbb\" data-element_type=\"container\" data-e-type=\"container\" data-settings=\"{&quot;background_background&quot;:&quot;classic&quot;}\">\n\t\t\t\t<div class=\"elementor-element elementor-element-d7743e8 elementor-widget elementor-widget-heading\" data-id=\"d7743e8\" data-element_type=\"widget\" data-e-type=\"widget\" data-widget_type=\"heading.default\">\n\t\t\t\t<div class=\"elementor-widget-container\">\n\t\t\t\t\t<h2 class=\"elementor-heading-title elementor-size-default\">Return policy<\/h2>\t\t\t\t<\/div>\n\t\t\t\t<\/div>\n\t\t\t\t<div class=\"elementor-element elementor-element-6c7900e elementor-widget elementor-widget-heading\" data-id=\"6c7900e\" data-element_type=\"widget\" data-e-type=\"widget\" data-widget_type=\"heading.default\">\n\t\t\t\t<div class=\"elementor-widget-container\">\n\t\t\t\t\t<h4 class=\"elementor-heading-title elementor-size-default\">Unfortunately we are unable to make refunds.<\/h4>\t\t\t\t<\/div>\n\t\t\t\t<\/div>\n\t\t\t\t<div class=\"elementor-element elementor-element-58561d5 elementor-widget elementor-widget-text-editor\" data-id=\"58561d5\" data-element_type=\"widget\" data-e-type=\"widget\" data-no-translation=\"\" data-widget_type=\"text-editor.default\">\n\t\t\t\t<div class=\"elementor-widget-container\">\n\t\t\t\t\t<style>.elementor-element-58561d5{display:none !important}<\/style>\t\t\t\t<\/div>\n\t\t\t\t<\/div>\n\t\t\t\t<div class=\"elementor-element elementor-element-13fc2ad elementor-widget elementor-widget-text-editor\" data-id=\"13fc2ad\" data-element_type=\"widget\" data-e-type=\"widget\" data-no-translation=\"\" data-widget_type=\"text-editor.default\">\n\t\t\t\t<div class=\"elementor-widget-container\">\n\t\t\t\t\t\t\t\t\t<p><span class=\"HwtZe\" lang=\"en\"><span class=\"jCAhz ChMk0b\"><span class=\"ryNqvb\">If you no longer wish to be a member, you can unsubscribe at any time by logging in <span style=\"text-decoration: underline;\"><a href=\"\/en\/user-account\/\">here<\/a><\/span> and then clicking on Membership &gt;&gt; Cancel.<\/span><\/span><\/span><\/p>\n\t\t\t\t\t\t\t\t<\/div>\n\t\t\t\t<\/div>\n\t\t\t\t<\/div>\n\t\t\t\t\t<\/div>\n\t\t\t\t<\/div>\n\t\t\t\t<\/div>","protected":false},"excerpt":{"rendered":"<p>Membership plans PLAN MENSUAL \/ per Month* 24.00&euro; * The price for membership is 24.00&euro; per Month. 7 cursos para FOLLOWERS 1 curso de 24 horas de SOLO JAZZ Listas de reproducci\u00f3n de m\u00fasica Asistencia personalizada Date de baja cuando quieras (renovaci\u00f3n autom\u00e1tica) Your Level Courses included: unlim Popular PLAN DE 6 MESES \/ per [&hellip;]<\/p>\n","protected":false},"author":138,"featured_media":0,"parent":5830,"menu_order":0,"comment_status":"closed","ping_status":"closed","template":"","meta":{"_seopress_robots_primary_cat":"","_seopress_titles_title":"Niveles de suscripci\u00f3n en Swing Dance Home","_seopress_titles_desc":"Aqu\u00ed encontrar\u00e1s toda la informaci\u00f3n sobre los diferentes niveles de afiliaci\u00f3n para aprender Lindy Hop y Jazz con Roser Ros.","_seopress_robots_index":"yes","pmpro_default_level":"","footnotes":""},"class_list":["post-5836","page","type-page","status-publish","hentry","pmpro-has-access"],"_links":{"self":[{"href":"https:\/\/swingdancehome.com\/en\/wp-json\/wp\/v2\/pages\/5836","targetHints":{"allow":["GET"]}}],"collection":[{"href":"https:\/\/swingdancehome.com\/en\/wp-json\/wp\/v2\/pages"}],"about":[{"href":"https:\/\/swingdancehome.com\/en\/wp-json\/wp\/v2\/types\/page"}],"author":[{"embeddable":true,"href":"https:\/\/swingdancehome.com\/en\/wp-json\/wp\/v2\/users\/138"}],"replies":[{"embeddable":true,"href":"https:\/\/swingdancehome.com\/en\/wp-json\/wp\/v2\/comments?post=5836"}],"version-history":[{"count":1,"href":"https:\/\/swingdancehome.com\/en\/wp-json\/wp\/v2\/pages\/5836\/revisions"}],"predecessor-version":[{"id":25644,"href":"https:\/\/swingdancehome.com\/en\/wp-json\/wp\/v2\/pages\/5836\/revisions\/25644"}],"up":[{"embeddable":true,"href":"https:\/\/swingdancehome.com\/en\/wp-json\/wp\/v2\/pages\/5830"}],"wp:attachment":[{"href":"https:\/\/swingdancehome.com\/en\/wp-json\/wp\/v2\/media?parent=5836"}],"curies":[{"name":"wp","href":"https:\/\/api.w.org\/{rel}","templated":true}]}}