{"id":24158,"date":"2025-03-07T16:16:58","date_gmt":"2025-03-07T15:16:58","guid":{"rendered":"https:\/\/swingdancehome.com\/?page_id=24158"},"modified":"2025-06-03T19:23:43","modified_gmt":"2025-06-03T17:23:43","slug":"free-class-to-learn-dancing-online","status":"publish","type":"page","link":"https:\/\/swingdancehome.com\/en\/clase-gratis-de-baile-online\/","title":{"rendered":"Pru\u00e9ba Swing Dance Home gratis"},"content":{"rendered":"\t\t<div data-elementor-type=\"wp-page\" data-elementor-id=\"24158\" class=\"elementor elementor-24158\" data-elementor-post-type=\"page\">\n\t\t\t\t<div class=\"elementor-element elementor-element-2b34425 e-flex e-con-boxed e-con e-parent\" data-id=\"2b34425\" data-element_type=\"container\" data-e-type=\"container\" data-settings=\"{&quot;background_background&quot;:&quot;classic&quot;}\">\n\t\t\t\t\t<div class=\"e-con-inner\">\n\t\t<div class=\"elementor-element elementor-element-55f5acc e-con-full e-flex e-con e-child\" data-id=\"55f5acc\" data-element_type=\"container\" data-e-type=\"container\">\n\t\t\t\t<div class=\"elementor-element elementor-element-e575f10 elementor-widget elementor-widget-heading\" data-id=\"e575f10\" data-element_type=\"widget\" data-e-type=\"widget\" data-widget_type=\"heading.default\">\n\t\t\t\t<div class=\"elementor-widget-container\">\n\t\t\t\t\t<h1 class=\"elementor-heading-title elementor-size-default\">Una clase de Swing gratis para ti<\/h1>\t\t\t\t<\/div>\n\t\t\t\t<\/div>\n\t\t\t\t<div class=\"elementor-element elementor-element-a59e046 animated-slow elementor-invisible elementor-widget elementor-widget-heading\" data-id=\"a59e046\" data-element_type=\"widget\" data-e-type=\"widget\" data-settings=\"{&quot;_animation&quot;:&quot;fadeInLeft&quot;}\" data-widget_type=\"heading.default\">\n\t\t\t\t<div class=\"elementor-widget-container\">\n\t\t\t\t\t<h2 class=\"elementor-heading-title elementor-size-default\">3 ideas clave para mejorar tu baile<\/h2>\t\t\t\t<\/div>\n\t\t\t\t<\/div>\n\t\t\t\t<\/div>\n\t\t<div class=\"elementor-element elementor-element-b6aa195 e-con-full e-flex e-con e-child\" data-id=\"b6aa195\" data-element_type=\"container\" data-e-type=\"container\" data-settings=\"{&quot;background_background&quot;:&quot;classic&quot;}\">\n\t\t<div class=\"elementor-element elementor-element-0262717 e-con-full e-flex e-con e-child\" data-id=\"0262717\" data-element_type=\"container\" data-e-type=\"container\">\n\t\t\t\t<div class=\"elementor-element elementor-element-7b0958d elementor-widget__width-initial elementor-widget elementor-widget-image\" data-id=\"7b0958d\" data-element_type=\"widget\" data-e-type=\"widget\" data-widget_type=\"image.default\">\n\t\t\t\t<div class=\"elementor-widget-container\">\n\t\t\t\t\t\t\t\t\t\t\t\t\t\t\t<img fetchpriority=\"high\" decoding=\"async\" width=\"1024\" height=\"576\" src=\"https:\/\/swingdancehome.com\/wp-content\/uploads\/2023\/06\/slides-roser-ros-swing-dance-home-slides-1024x576.jpg\" class=\"attachment-large size-large wp-image-15493\" alt=\"slides roser ros swing dance home slides.jpg\" srcset=\"https:\/\/swingdancehome.com\/wp-content\/uploads\/2023\/06\/slides-roser-ros-swing-dance-home-slides-1024x576.jpg 1024w, https:\/\/swingdancehome.com\/wp-content\/uploads\/2023\/06\/slides-roser-ros-swing-dance-home-slides-300x169.jpg 300w, https:\/\/swingdancehome.com\/wp-content\/uploads\/2023\/06\/slides-roser-ros-swing-dance-home-slides-768x432.jpg 768w, https:\/\/swingdancehome.com\/wp-content\/uploads\/2023\/06\/slides-roser-ros-swing-dance-home-slides-18x10.jpg 18w, https:\/\/swingdancehome.com\/wp-content\/uploads\/2023\/06\/slides-roser-ros-swing-dance-home-slides-272x153.jpg 272w, https:\/\/swingdancehome.com\/wp-content\/uploads\/2023\/06\/slides-roser-ros-swing-dance-home-slides-1066x599.jpg 1066w, https:\/\/swingdancehome.com\/wp-content\/uploads\/2023\/06\/slides-roser-ros-swing-dance-home-slides-600x337.jpg 600w, https:\/\/swingdancehome.com\/wp-content\/uploads\/2023\/06\/slides-roser-ros-swing-dance-home-slides-178x100.jpg 178w, https:\/\/swingdancehome.com\/wp-content\/uploads\/2023\/06\/slides-roser-ros-swing-dance-home-slides-196x110.jpg 196w, https:\/\/swingdancehome.com\/wp-content\/uploads\/2023\/06\/slides-roser-ros-swing-dance-home-slides-266x150.jpg 266w, https:\/\/swingdancehome.com\/wp-content\/uploads\/2023\/06\/slides-roser-ros-swing-dance-home-slides.jpg 1067w\" sizes=\"(max-width: 1024px) 100vw, 1024px\" \/>\t\t\t\t\t\t\t\t\t\t\t\t\t\t\t<\/div>\n\t\t\t\t<\/div>\n\t\t\t\t<div class=\"elementor-element elementor-element-8fc3442 elementor-widget elementor-widget-heading\" data-id=\"8fc3442\" data-element_type=\"widget\" data-e-type=\"widget\" data-widget_type=\"heading.default\">\n\t\t\t\t<div class=\"elementor-widget-container\">\n\t\t\t\t\t<h3 class=\"elementor-heading-title elementor-size-default\">Est\u00e1s a un clic de una clase conmigo para convertirte en una mejor bailarina.<\/h3>\t\t\t\t<\/div>\n\t\t\t\t<\/div>\n\t\t\t\t<\/div>\n\t\t\t\t<div class=\"elementor-element elementor-element-b75399a elementor-button-align-start elementor-widget elementor-widget-form\" data-id=\"b75399a\" data-element_type=\"widget\" data-e-type=\"widget\" data-settings=\"{&quot;step_next_label&quot;:&quot;Next&quot;,&quot;step_previous_label&quot;:&quot;Previous&quot;,&quot;button_width&quot;:&quot;100&quot;,&quot;step_type&quot;:&quot;number_text&quot;,&quot;step_icon_shape&quot;:&quot;circle&quot;}\" data-widget_type=\"form.default\">\n\t\t\t\t<div class=\"elementor-widget-container\">\n\t\t\t\t\t\t\t<form class=\"elementor-form\" method=\"post\" name=\"New Form\" aria-label=\"New Form\">\r\n\t\t\t<input type=\"hidden\" name=\"post_id\" value=\"24158\"\/>\r\n\t\t\t<input type=\"hidden\" name=\"form_id\" value=\"b75399a\"\/>\r\n\t\t\t<input type=\"hidden\" name=\"referer_title\" value=\"\" \/>\r\n\r\n\t\t\t\r\n\t\t\t<div class=\"elementor-form-fields-wrapper elementor-labels-\">\r\n\t\t\t\t\t\t\t\t<div class=\"elementor-field-type-email elementor-field-group elementor-column elementor-field-group-email elementor-col-100 elementor-field-required\">\r\n\t\t\t\t\t\t\t\t\t\t\t\t<label for=\"form-field-email\" class=\"elementor-field-label elementor-screen-only\">\r\n\t\t\t\t\t\t\t\tEmail\t\t\t\t\t\t\t<\/label>\r\n\t\t\t\t\t\t\t\t\t\t\t\t\t\t<input size=\"1\" type=\"email\" name=\"form_fields[email]\" id=\"form-field-email\" class=\"elementor-field elementor-size-md  elementor-field-textual\" placeholder=\"Email\" required=\"required\">\r\n\t\t\t\t\t\t\t\t\t\t\t<\/div>\r\n\t\t\t\t\t\t\t\t<div class=\"elementor-field-group elementor-column elementor-field-type-submit elementor-col-100 e-form__buttons\">\r\n\t\t\t\t\t<button class=\"elementor-button elementor-size-sm\" type=\"submit\" id=\"lead-magnet-submit\">\r\n\t\t\t\t\t\t<span class=\"elementor-button-content-wrapper\">\r\n\t\t\t\t\t\t\t\t\t\t\t\t\t\t\t\t\t\t\t\t\t\t<span class=\"elementor-button-text\">Quiero mi clase gratis<\/span>\r\n\t\t\t\t\t\t\t\t\t\t\t\t\t<\/span>\r\n\t\t\t\t\t<\/button>\r\n\t\t\t\t<\/div>\r\n\t\t\t<\/div>\r\n\t\t<\/form>\r\n\t\t\t\t\t\t<\/div>\n\t\t\t\t<\/div>\n\t\t\t\t<\/div>\n\t\t\t\t\t<\/div>\n\t\t\t\t<\/div>\n\t\t<div class=\"elementor-element elementor-element-e4378b3 e-flex e-con-boxed e-con e-parent\" data-id=\"e4378b3\" data-element_type=\"container\" data-e-type=\"container\">\n\t\t\t\t\t<div class=\"e-con-inner\">\n\t\t<div class=\"elementor-element elementor-element-2e88695 e-con-full e-flex e-con e-child\" data-id=\"2e88695\" data-element_type=\"container\" data-e-type=\"container\">\n\t\t\t\t<div class=\"elementor-element elementor-element-2fce997 elementor-widget__width-inherit elementor-widget elementor-widget-heading\" data-id=\"2fce997\" data-element_type=\"widget\" data-e-type=\"widget\" data-widget_type=\"heading.default\">\n\t\t\t\t<div class=\"elementor-widget-container\">\n\t\t\t\t\t<h2 class=\"elementor-heading-title elementor-size-default\">\u00bfQu\u00e9 dicen las alumnas de Roser?<\/h2>\t\t\t\t<\/div>\n\t\t\t\t<\/div>\n\t\t<div class=\"elementor-element elementor-element-ba55e0e e-con-full e-flex e-con e-child\" data-id=\"ba55e0e\" data-element_type=\"container\" data-e-type=\"container\">\n\t\t<div class=\"elementor-element elementor-element-419c99f e-con-full e-flex e-con e-child\" data-id=\"419c99f\" data-element_type=\"container\" data-e-type=\"container\">\n\t\t\t\t<div class=\"elementor-element elementor-element-133c1b3 elementor-widget-mobile__width-initial elementor-widget elementor-widget-image\" data-id=\"133c1b3\" data-element_type=\"widget\" data-e-type=\"widget\" data-widget_type=\"image.default\">\n\t\t\t\t<div class=\"elementor-widget-container\">\n\t\t\t\t\t\t\t\t\t\t\t\t\t\t\t<img decoding=\"async\" src=\"https:\/\/swingdancehome.com\/wp-content\/uploads\/2024\/07\/swing-dance-home-trustpilot-80x19.png\" title=\"swing dance home trustpilot\" alt=\"swing dance home trustpilot\" loading=\"lazy\" \/>\t\t\t\t\t\t\t\t\t\t\t\t\t\t\t<\/div>\n\t\t\t\t<\/div>\n\t\t\t\t<div class=\"elementor-element elementor-element-ae0d1bf elementor-widget elementor-widget-heading\" data-id=\"ae0d1bf\" data-element_type=\"widget\" data-e-type=\"widget\" data-widget_type=\"heading.default\">\n\t\t\t\t<div class=\"elementor-widget-container\">\n\t\t\t\t\t<p class=\"elementor-heading-title elementor-size-default\"><a href=\"https:\/\/www.trustpilot.com\/review\/swingdancehome.com\" target=\"_blank\">4.6 en Trustpilot<\/a><\/p>\t\t\t\t<\/div>\n\t\t\t\t<\/div>\n\t\t\t\t<\/div>\n\t\t<div class=\"elementor-element elementor-element-1ebcb1b e-con-full e-flex e-con e-child\" data-id=\"1ebcb1b\" data-element_type=\"container\" data-e-type=\"container\">\n\t\t\t\t<div class=\"elementor-element elementor-element-33e2001 elementor-widget-mobile__width-initial elementor-widget elementor-widget-image\" data-id=\"33e2001\" data-element_type=\"widget\" data-e-type=\"widget\" data-widget_type=\"image.default\">\n\t\t\t\t<div class=\"elementor-widget-container\">\n\t\t\t\t\t\t\t\t\t\t\t\t\t\t\t<img decoding=\"async\" src=\"https:\/\/swingdancehome.com\/wp-content\/uploads\/2024\/07\/swing-dance-home-google-maps-80x19.png\" title=\"swing dance home google maps\" alt=\"swing dance home google maps\" loading=\"lazy\" \/>\t\t\t\t\t\t\t\t\t\t\t\t\t\t\t<\/div>\n\t\t\t\t<\/div>\n\t\t\t\t<div class=\"elementor-element elementor-element-d0aa81c elementor-widget elementor-widget-heading\" data-id=\"d0aa81c\" data-element_type=\"widget\" data-e-type=\"widget\" data-widget_type=\"heading.default\">\n\t\t\t\t<div class=\"elementor-widget-container\">\n\t\t\t\t\t<p class=\"elementor-heading-title elementor-size-default\"><a href=\"https:\/\/maps.app.goo.gl\/E55omtq5N8SnB4ro6\" target=\"_blank\">4.9 en Google Maps<\/a><\/p>\t\t\t\t<\/div>\n\t\t\t\t<\/div>\n\t\t\t\t<\/div>\n\t\t\t\t<\/div>\n\t\t\t\t<\/div>\n\t\t<div class=\"elementor-element elementor-element-ac87295 e-con-full e-flex e-con e-child\" data-id=\"ac87295\" data-element_type=\"container\" data-e-type=\"container\" data-settings=\"{&quot;background_background&quot;:&quot;classic&quot;}\">\n\t\t\t\t<div class=\"elementor-element elementor-element-1f07ee9 elementor-widget elementor-widget-image\" data-id=\"1f07ee9\" data-element_type=\"widget\" data-e-type=\"widget\" data-widget_type=\"image.default\">\n\t\t\t\t<div class=\"elementor-widget-container\">\n\t\t\t\t\t\t\t\t\t\t\t\t\t\t\t<img decoding=\"async\" width=\"255\" height=\"255\" src=\"https:\/\/swingdancehome.com\/wp-content\/uploads\/2024\/12\/testimonial-image-serena-255x255.png\" class=\"attachment-full size-full wp-image-22675\" alt=\"testimonial image serena\" srcset=\"https:\/\/swingdancehome.com\/wp-content\/uploads\/2024\/12\/testimonial-image-serena-255x255.png 255w, https:\/\/swingdancehome.com\/wp-content\/uploads\/2024\/12\/testimonial-image-serena-150x150.png 150w, https:\/\/swingdancehome.com\/wp-content\/uploads\/2024\/12\/testimonial-image-serena.png 256w\" sizes=\"(max-width: 255px) 100vw, 255px\" \/>\t\t\t\t\t\t\t\t\t\t\t\t\t\t\t<\/div>\n\t\t\t\t<\/div>\n\t\t\t\t<div class=\"elementor-element elementor-element-03e58a7 elementor-widget elementor-widget-heading\" data-id=\"03e58a7\" data-element_type=\"widget\" data-e-type=\"widget\" data-widget_type=\"heading.default\">\n\t\t\t\t<div class=\"elementor-widget-container\">\n\t\t\t\t\t<h5 class=\"elementor-heading-title elementor-size-default\"><a href=\"\">Serena Scarano<\/a><\/h5>\t\t\t\t<\/div>\n\t\t\t\t<\/div>\n\t\t<div class=\"elementor-element elementor-element-ac22a48 e-con-full e-flex e-con e-child\" data-id=\"ac22a48\" data-element_type=\"container\" data-e-type=\"container\">\n\t\t\t\t<div class=\"elementor-element elementor-element-e1f1ba7 elementor-widget elementor-widget-heading\" data-id=\"e1f1ba7\" data-element_type=\"widget\" data-e-type=\"widget\" data-widget_type=\"heading.default\">\n\t\t\t\t<div class=\"elementor-widget-container\">\n\t\t\t\t\t<h2 class=\"elementor-heading-title elementor-size-default\">5.0<\/h2>\t\t\t\t<\/div>\n\t\t\t\t<\/div>\n\t\t\t\t<div class=\"elementor-element elementor-element-dcd4a52 elementor-widget elementor-widget-image\" data-id=\"dcd4a52\" data-element_type=\"widget\" data-e-type=\"widget\" data-widget_type=\"image.default\">\n\t\t\t\t<div class=\"elementor-widget-container\">\n\t\t\t\t\t\t\t\t\t\t\t\t\t\t\t<img decoding=\"async\" src=\"https:\/\/swingdancehome.com\/wp-content\/uploads\/2024\/12\/swing-dance-home-5-stars-90x30.png\" title=\"swing dance home 5 stars\" alt=\"swing dance home 5 stars\" loading=\"lazy\" \/>\t\t\t\t\t\t\t\t\t\t\t\t\t\t\t<\/div>\n\t\t\t\t<\/div>\n\t\t\t\t<\/div>\n\t\t\t\t<div class=\"elementor-element elementor-element-be2a802 elementor-widget elementor-widget-heading\" data-id=\"be2a802\" data-element_type=\"widget\" data-e-type=\"widget\" data-widget_type=\"heading.default\">\n\t\t\t\t<div class=\"elementor-widget-container\">\n\t\t\t\t\t<h5 class=\"elementor-heading-title elementor-size-default\"><a href=\"\">\u00a1Dale sabor a tu baile!<\/a><\/h5>\t\t\t\t<\/div>\n\t\t\t\t<\/div>\n\t\t\t\t<div class=\"elementor-element elementor-element-4d17c69 elementor-widget elementor-widget-heading\" data-id=\"4d17c69\" data-element_type=\"widget\" data-e-type=\"widget\" data-widget_type=\"heading.default\">\n\t\t\t\t<div class=\"elementor-widget-container\">\n\t\t\t\t\t<h5 class=\"elementor-heading-title elementor-size-default\"><a href=\"\">\u00a1Llevo 3 meses siguiendo las clases de Swing Dance Home de Roser y estoy encantada con ellas! Las lecciones me parecen bien explicadas y Roser es muy buena a la hora de insistir en los aspectos t\u00e9cnicos del Solo Jazz y del Lindy hop.\n\n\u00a1Son clases especialmente \u00fatiles para profundizar en el estilo y la expresi\u00f3n de l@s followers! \n\n\u00a1Se lo recomiendo a tod@s! Yay Roser \ud83d\udc93<\/a><\/h5>\t\t\t\t<\/div>\n\t\t\t\t<\/div>\n\t\t\t\t<\/div>\n\t\t<div class=\"elementor-element elementor-element-62991ad e-con-full e-flex e-con e-child\" data-id=\"62991ad\" data-element_type=\"container\" data-e-type=\"container\" data-settings=\"{&quot;background_background&quot;:&quot;classic&quot;}\">\n\t\t\t\t<div class=\"elementor-element elementor-element-03e3dca elementor-widget elementor-widget-image\" data-id=\"03e3dca\" data-element_type=\"widget\" data-e-type=\"widget\" data-widget_type=\"image.default\">\n\t\t\t\t<div class=\"elementor-widget-container\">\n\t\t\t\t\t\t\t\t\t\t\t\t\t\t\t<img decoding=\"async\" width=\"255\" height=\"255\" src=\"https:\/\/swingdancehome.com\/wp-content\/uploads\/2024\/12\/testimonial-image-isil-255x255.png\" class=\"attachment-full size-full wp-image-22673\" alt=\"testimonial image isil\" srcset=\"https:\/\/swingdancehome.com\/wp-content\/uploads\/2024\/12\/testimonial-image-isil-255x255.png 255w, https:\/\/swingdancehome.com\/wp-content\/uploads\/2024\/12\/testimonial-image-isil-150x150.png 150w, https:\/\/swingdancehome.com\/wp-content\/uploads\/2024\/12\/testimonial-image-isil.png 256w\" sizes=\"(max-width: 255px) 100vw, 255px\" \/>\t\t\t\t\t\t\t\t\t\t\t\t\t\t\t<\/div>\n\t\t\t\t<\/div>\n\t\t\t\t<div class=\"elementor-element elementor-element-3a2dabf elementor-widget elementor-widget-heading\" data-id=\"3a2dabf\" data-element_type=\"widget\" data-e-type=\"widget\" data-widget_type=\"heading.default\">\n\t\t\t\t<div class=\"elementor-widget-container\">\n\t\t\t\t\t<h5 class=\"elementor-heading-title elementor-size-default\"><a href=\"\">Isil G\u00f6ksu<\/a><\/h5>\t\t\t\t<\/div>\n\t\t\t\t<\/div>\n\t\t<div class=\"elementor-element elementor-element-717309b e-con-full e-flex e-con e-child\" data-id=\"717309b\" data-element_type=\"container\" data-e-type=\"container\">\n\t\t\t\t<div class=\"elementor-element elementor-element-5f34b31 elementor-widget elementor-widget-heading\" data-id=\"5f34b31\" data-element_type=\"widget\" data-e-type=\"widget\" data-widget_type=\"heading.default\">\n\t\t\t\t<div class=\"elementor-widget-container\">\n\t\t\t\t\t<h2 class=\"elementor-heading-title elementor-size-default\">5.0<\/h2>\t\t\t\t<\/div>\n\t\t\t\t<\/div>\n\t\t\t\t<div class=\"elementor-element elementor-element-9460099 elementor-widget elementor-widget-image\" data-id=\"9460099\" data-element_type=\"widget\" data-e-type=\"widget\" data-widget_type=\"image.default\">\n\t\t\t\t<div class=\"elementor-widget-container\">\n\t\t\t\t\t\t\t\t\t\t\t\t\t\t\t<img decoding=\"async\" src=\"https:\/\/swingdancehome.com\/wp-content\/uploads\/2024\/12\/swing-dance-home-5-stars-90x30.png\" title=\"swing dance home 5 stars\" alt=\"swing dance home 5 stars\" loading=\"lazy\" \/>\t\t\t\t\t\t\t\t\t\t\t\t\t\t\t<\/div>\n\t\t\t\t<\/div>\n\t\t\t\t<\/div>\n\t\t\t\t<div class=\"elementor-element elementor-element-a280298 elementor-widget elementor-widget-heading\" data-id=\"a280298\" data-element_type=\"widget\" data-e-type=\"widget\" data-widget_type=\"heading.default\">\n\t\t\t\t<div class=\"elementor-widget-container\">\n\t\t\t\t\t<h5 class=\"elementor-heading-title elementor-size-default\"><a href=\"\">Clases creativas y energizantes<\/a><\/h5>\t\t\t\t<\/div>\n\t\t\t\t<\/div>\n\t\t\t\t<div class=\"elementor-element elementor-element-dc4076f elementor-widget elementor-widget-heading\" data-id=\"dc4076f\" data-element_type=\"widget\" data-e-type=\"widget\" data-widget_type=\"heading.default\">\n\t\t\t\t<div class=\"elementor-widget-container\">\n\t\t\t\t\t<h5 class=\"elementor-heading-title elementor-size-default\"><a href=\"\"><p>El estilo de ense\u00f1anza de Roser es realmente fluido y motivador.<\/p>\n\n<p>El contenido de las clases y los ritmos que practicamos son muy originales y creativos, con diferentes alternativas para cada nivel. \u00a1Algunas lecciones alegran mi d\u00eda, mi semana!<\/p>\n\n<p>\u00a1Muchas gracias por crear un recurso as\u00ed y permitirme aprender contigo desde la distancia! \u2665\ufe0f<\/p><\/a><\/h5>\t\t\t\t<\/div>\n\t\t\t\t<\/div>\n\t\t\t\t<\/div>\n\t\t<div class=\"elementor-element elementor-element-6c43eb3 e-con-full e-flex e-con e-child\" data-id=\"6c43eb3\" data-element_type=\"container\" data-e-type=\"container\" data-settings=\"{&quot;background_background&quot;:&quot;classic&quot;}\">\n\t\t\t\t<div class=\"elementor-element elementor-element-0d7c095 elementor-widget elementor-widget-image\" data-id=\"0d7c095\" data-element_type=\"widget\" data-e-type=\"widget\" data-widget_type=\"image.default\">\n\t\t\t\t<div class=\"elementor-widget-container\">\n\t\t\t\t\t\t\t\t\t\t\t\t\t\t\t<img loading=\"lazy\" decoding=\"async\" width=\"255\" height=\"255\" src=\"https:\/\/swingdancehome.com\/wp-content\/uploads\/2024\/12\/testimonial-image-nerea-255x255.png\" class=\"attachment-full size-full wp-image-22674\" alt=\"testimonial image nerea\" srcset=\"https:\/\/swingdancehome.com\/wp-content\/uploads\/2024\/12\/testimonial-image-nerea-255x255.png 255w, https:\/\/swingdancehome.com\/wp-content\/uploads\/2024\/12\/testimonial-image-nerea-150x150.png 150w, https:\/\/swingdancehome.com\/wp-content\/uploads\/2024\/12\/testimonial-image-nerea.png 256w\" sizes=\"(max-width: 255px) 100vw, 255px\" \/>\t\t\t\t\t\t\t\t\t\t\t\t\t\t\t<\/div>\n\t\t\t\t<\/div>\n\t\t\t\t<div class=\"elementor-element elementor-element-089a457 elementor-widget elementor-widget-heading\" data-id=\"089a457\" data-element_type=\"widget\" data-e-type=\"widget\" data-widget_type=\"heading.default\">\n\t\t\t\t<div class=\"elementor-widget-container\">\n\t\t\t\t\t<h5 class=\"elementor-heading-title elementor-size-default\"><a href=\"\">Nerea Jenglemad<\/a><\/h5>\t\t\t\t<\/div>\n\t\t\t\t<\/div>\n\t\t<div class=\"elementor-element elementor-element-3dcd2d5 e-con-full e-flex e-con e-child\" data-id=\"3dcd2d5\" data-element_type=\"container\" data-e-type=\"container\">\n\t\t\t\t<div class=\"elementor-element elementor-element-fe67c18 elementor-widget elementor-widget-heading\" data-id=\"fe67c18\" data-element_type=\"widget\" data-e-type=\"widget\" data-widget_type=\"heading.default\">\n\t\t\t\t<div class=\"elementor-widget-container\">\n\t\t\t\t\t<h2 class=\"elementor-heading-title elementor-size-default\">5.0<\/h2>\t\t\t\t<\/div>\n\t\t\t\t<\/div>\n\t\t\t\t<div class=\"elementor-element elementor-element-1446595 elementor-widget elementor-widget-image\" data-id=\"1446595\" data-element_type=\"widget\" data-e-type=\"widget\" data-widget_type=\"image.default\">\n\t\t\t\t<div class=\"elementor-widget-container\">\n\t\t\t\t\t\t\t\t\t\t\t\t\t\t\t<img decoding=\"async\" src=\"https:\/\/swingdancehome.com\/wp-content\/uploads\/2024\/12\/swing-dance-home-5-stars-90x30.png\" title=\"swing dance home 5 stars\" alt=\"swing dance home 5 stars\" loading=\"lazy\" \/>\t\t\t\t\t\t\t\t\t\t\t\t\t\t\t<\/div>\n\t\t\t\t<\/div>\n\t\t\t\t<\/div>\n\t\t\t\t<div class=\"elementor-element elementor-element-cb3ee0f elementor-widget elementor-widget-heading\" data-id=\"cb3ee0f\" data-element_type=\"widget\" data-e-type=\"widget\" data-widget_type=\"heading.default\">\n\t\t\t\t<div class=\"elementor-widget-container\">\n\t\t\t\t\t<h5 class=\"elementor-heading-title elementor-size-default\"><a href=\"\">\u00a1Profesora genial con gran vibra!<\/a><\/h5>\t\t\t\t<\/div>\n\t\t\t\t<\/div>\n\t\t\t\t<div class=\"elementor-element elementor-element-e366216 elementor-widget elementor-widget-heading\" data-id=\"e366216\" data-element_type=\"widget\" data-e-type=\"widget\" data-widget_type=\"heading.default\">\n\t\t\t\t<div class=\"elementor-widget-container\">\n\t\t\t\t\t<h5 class=\"elementor-heading-title elementor-size-default\"><a href=\"\"><p>Roser es una profesora fant\u00e1stica que transmite muy buena energ\u00eda en clase.<\/p>\n\n<p>Su escuela en l\u00ednea te brinda una maravillosa oportunidad de explorar el ritmo, el footwork, el vocabulario, las variaciones y muchas cosas m\u00e1s que te ayudar\u00e1n a convertirte en un gran bailar\u00edn.<\/p>\n<p>\u00a1Aprende de Roser en casa!\n\u00a1\u00a1Totalmente recomendable!!<\/p><\/a><\/h5>\t\t\t\t<\/div>\n\t\t\t\t<\/div>\n\t\t\t\t<\/div>\n\t\t\t\t<div class=\"elementor-element elementor-element-73dc929 elementor-widget elementor-widget-button\" data-id=\"73dc929\" data-element_type=\"widget\" data-e-type=\"widget\" data-widget_type=\"button.default\">\n\t\t\t\t<div class=\"elementor-widget-container\">\n\t\t\t\t\t\t\t\t\t<div class=\"elementor-button-wrapper icon_align_  \">\n\t\t\t\t\t<a class=\"elementor-button elementor-button-link elementor-size-sm\" href=\"#elementor-action%3Aaction%3Dpopup%3Aopen%26settings%3DeyJpZCI6IjEzNTI0IiwidG9nZ2xlIjpmYWxzZX0%3D\">\n\t\t\t\t\t\t<span class=\"elementor-button-content-wrapper\">\n\t\t\t\t\t\t\t\t\t<span class=\"elementor-button-text\">Quiero mi clase gratis<\/span>\n\t\t\t\t\t<\/span>\n\t\t\t\t\t<\/a>\n\t\t\t\t<\/div>\n\t\t\t\t\t\t\t\t<\/div>\n\t\t\t\t<\/div>\n\t\t\t\t\t<\/div>\n\t\t\t\t<\/div>\n\t\t\t\t<\/div>\n\t\t","protected":false},"excerpt":{"rendered":"<p>Una clase de Swing gratis para ti 3 ideas clave para mejorar tu baile Est\u00e1s a un clic de una clase conmigo para convertirte en una mejor bailarina. \u00bfQu\u00e9 dicen las alumnas de Roser? 4.6 en Trustpilot 4.9 en Google Maps Serena Scarano 5.0 \u00a1Dale sabor a tu baile! \u00a1Llevo 3 meses siguiendo las clases [&hellip;]<\/p>\n","protected":false},"author":138,"featured_media":15785,"parent":0,"menu_order":0,"comment_status":"closed","ping_status":"closed","template":"elementor_header_footer","meta":{"_seopress_robots_primary_cat":"","_seopress_titles_title":"Prueba Swing Dance Home gratis con una clase con 3 ideas clave para mejorar tu baile","_seopress_titles_desc":"\u00a1Este es mi regalo para ti! Subscribete y aprende 3 ideas claves para mejorar tu Solo Jazz y Lindy Hop y ver la calidad de mis clases.","_seopress_robots_index":"","pmpro_default_level":"","footnotes":""},"class_list":["post-24158","page","type-page","status-publish","has-post-thumbnail","hentry","pmpro-has-access"],"_links":{"self":[{"href":"https:\/\/swingdancehome.com\/en\/wp-json\/wp\/v2\/pages\/24158","targetHints":{"allow":["GET"]}}],"collection":[{"href":"https:\/\/swingdancehome.com\/en\/wp-json\/wp\/v2\/pages"}],"about":[{"href":"https:\/\/swingdancehome.com\/en\/wp-json\/wp\/v2\/types\/page"}],"author":[{"embeddable":true,"href":"https:\/\/swingdancehome.com\/en\/wp-json\/wp\/v2\/users\/138"}],"replies":[{"embeddable":true,"href":"https:\/\/swingdancehome.com\/en\/wp-json\/wp\/v2\/comments?post=24158"}],"version-history":[{"count":0,"href":"https:\/\/swingdancehome.com\/en\/wp-json\/wp\/v2\/pages\/24158\/revisions"}],"wp:featuredmedia":[{"embeddable":true,"href":"https:\/\/swingdancehome.com\/en\/wp-json\/wp\/v2\/media\/15785"}],"wp:attachment":[{"href":"https:\/\/swingdancehome.com\/en\/wp-json\/wp\/v2\/media?parent=24158"}],"curies":[{"name":"wp","href":"https:\/\/api.w.org\/{rel}","templated":true}]}}