{"id":15894,"date":"2023-08-21T11:49:03","date_gmt":"2023-08-21T09:49:03","guid":{"rendered":"https:\/\/swingdancehome.com\/?page_id=15894"},"modified":"2026-04-18T09:50:57","modified_gmt":"2026-04-18T07:50:57","slug":"class-confirmation","status":"publish","type":"page","link":"https:\/\/swingdancehome.com\/en\/clase-confirmacion\/","title":{"rendered":"Clase confirmacion"},"content":{"rendered":"<div data-elementor-type=\"wp-page\" data-elementor-id=\"15894\" class=\"elementor elementor-15894\" data-elementor-post-type=\"page\">\n\t\t\t\t<div class=\"elementor-element elementor-element-3b6741c e-flex e-con-boxed e-con e-parent\" data-id=\"3b6741c\" data-element_type=\"container\" data-e-type=\"container\" data-settings=\"{&quot;background_background&quot;:&quot;classic&quot;}\">\n\t\t\t\t\t<div class=\"e-con-inner\">\n\t\t\t\t<div class=\"elementor-element elementor-element-f037fe5 elementor-widget elementor-widget-image\" data-id=\"f037fe5\" data-element_type=\"widget\" data-e-type=\"widget\" data-widget_type=\"image.default\">\n\t\t\t\t<div class=\"elementor-widget-container\">\n\t\t\t\t\t\t\t\t\t\t\t\t\t\t\t\t<a href=\"\/en\/\">\n\t\t\t\t\t\t\t<img fetchpriority=\"high\" decoding=\"async\" width=\"511\" height=\"380\" src=\"https:\/\/swingdancehome.com\/wp-content\/uploads\/2021\/11\/logo-gris-secundari_5121-511x380.png\" class=\"attachment-full size-full wp-image-11604\" alt=\"Swing Dance Home Logo - Learn Swing Dancing online\" srcset=\"https:\/\/swingdancehome.com\/wp-content\/uploads\/2021\/11\/logo-gris-secundari_5121-511x380.png.webp 511w, https:\/\/swingdancehome.com\/wp-content\/uploads\/2021\/11\/logo-gris-secundari_5121-300x223.png.webp 300w, https:\/\/swingdancehome.com\/wp-content\/uploads\/2021\/11\/logo-gris-secundari_5121-16x12.png.webp 16w, https:\/\/swingdancehome.com\/wp-content\/uploads\/2021\/11\/logo-gris-secundari_5121-70x52.png.webp 70w, https:\/\/swingdancehome.com\/wp-content\/uploads\/2021\/11\/elementor\/thumbs\/logo-gris-secundari_5121-150x150.png 75w, https:\/\/swingdancehome.com\/wp-content\/uploads\/2021\/11\/logo-gris-secundari_5121-e1776971074969.png 50w\" sizes=\"(max-width: 511px) 100vw, 511px\" \/>\t\t\t\t\t\t\t\t<\/a>\n\t\t\t\t\t\t\t\t\t\t\t\t\t\t\t<\/div>\n\t\t\t\t<\/div>\n\t\t\t\t<div class=\"elementor-element elementor-element-90e9051 elementor-widget elementor-widget-heading\" data-id=\"90e9051\" data-element_type=\"widget\" data-e-type=\"widget\" data-widget_type=\"heading.default\">\n\t\t\t\t<div class=\"elementor-widget-container\">\n\t\t\t\t\t<h2 class=\"elementor-heading-title elementor-size-default\">Congratulations!<\/h2>\t\t\t\t<\/div>\n\t\t\t\t<\/div>\n\t\t\t\t<div class=\"elementor-element elementor-element-bef1d7e elementor-widget elementor-widget-heading\" data-id=\"bef1d7e\" data-element_type=\"widget\" data-e-type=\"widget\" data-widget_type=\"heading.default\">\n\t\t\t\t<div class=\"elementor-widget-container\">\n\t\t\t\t\t<h2 class=\"elementor-heading-title elementor-size-default\">\ud83d\udca1Important\ud83d\udca1<\/h2>\t\t\t\t<\/div>\n\t\t\t\t<\/div>\n\t\t\t\t<div class=\"elementor-element elementor-element-4371d73 elementor-widget elementor-widget-text-editor\" data-id=\"4371d73\" data-element_type=\"widget\" data-e-type=\"widget\" data-widget_type=\"text-editor.default\">\n\t\t\t\t<div class=\"elementor-widget-container\">\n\t\t\t\t\t\t\t\t\t<p style=\"text-align: center;\">We have sent you an email with all the information about the masterclass. It may take a few minutes to arrive. But you can watch the master class now by<strong> clicking on the button below<\/strong>.<\/p>\n<p style=\"text-align: center;\">Remember to check the promotions or spam folder and add the email to your inbox so that you do not miss any information that we will send via email.<\/p>\n<p style=\"text-align: center;\">If the mail does not arrive, contact us via <a href=\"mailto:info@swingdancehome.com\">info@swingdancehome.com<\/a>.<\/p>\n\t\t\t\t\t\t\t\t<\/div>\n\t\t\t\t<\/div>\n\t\t\t\t<div class=\"elementor-element elementor-element-6308fcb elementor-align-center animated-slow pulsebutton elementor-invisible elementor-widget elementor-widget-button\" data-id=\"6308fcb\" data-element_type=\"widget\" data-e-type=\"widget\" data-settings=\"{&quot;_animation&quot;:&quot;fadeInLeft&quot;}\" data-widget_type=\"button.default\">\n\t\t\t\t<div class=\"elementor-widget-container\">\n\t\t\t\t\t\t\t\t\t<div class=\"elementor-button-wrapper icon_align_\">\n\t\t\t\t\t<a class=\"elementor-button elementor-button-link elementor-size-sm\" href=\"https:\/\/swingdancehome.com\/en\/clase-gratis-video\/\">\n\t\t\t\t\t\t<span class=\"elementor-button-content-wrapper\">\n\t\t\t\t\t\t\t\t\t<span class=\"elementor-button-text\">Watch masterclass<\/span>\n\t\t\t\t\t<\/span>\n\t\t\t\t\t<\/a>\n\t\t\t\t<\/div>\n\t\t\t\t\t\t\t\t<\/div>\n\t\t\t\t<\/div>\n\t\t\t\t\t<\/div>\n\t\t\t\t<\/div>\n\t\t\t\t<\/div>","protected":false},"excerpt":{"rendered":"<p>\u00a1Enhorabuena! \ud83d\udca1Importante\ud83d\udca1 Te hemos enviando un correo con toda la informaci\u00f3n de la masterclass, puede que tarde en llegar unos minutos. Tambi\u00e9n lo puedes ver la masterclass haciendo clic en el bot\u00f3n. Recuerda revisar la carpeta de promociones o Spam y agrega a tu bandeja de entrada el correo para que no te pierdas ninguna [&hellip;]<\/p>\n","protected":false},"author":138,"featured_media":0,"parent":0,"menu_order":0,"comment_status":"closed","ping_status":"closed","template":"elementor_canvas","meta":{"_seopress_robots_primary_cat":"","_seopress_titles_title":"","_seopress_titles_desc":"","_seopress_robots_index":"yes","pmpro_default_level":"","footnotes":""},"class_list":["post-15894","page","type-page","status-publish","hentry","pmpro-has-access"],"_links":{"self":[{"href":"https:\/\/swingdancehome.com\/en\/wp-json\/wp\/v2\/pages\/15894","targetHints":{"allow":["GET"]}}],"collection":[{"href":"https:\/\/swingdancehome.com\/en\/wp-json\/wp\/v2\/pages"}],"about":[{"href":"https:\/\/swingdancehome.com\/en\/wp-json\/wp\/v2\/types\/page"}],"author":[{"embeddable":true,"href":"https:\/\/swingdancehome.com\/en\/wp-json\/wp\/v2\/users\/138"}],"replies":[{"embeddable":true,"href":"https:\/\/swingdancehome.com\/en\/wp-json\/wp\/v2\/comments?post=15894"}],"version-history":[{"count":1,"href":"https:\/\/swingdancehome.com\/en\/wp-json\/wp\/v2\/pages\/15894\/revisions"}],"predecessor-version":[{"id":25621,"href":"https:\/\/swingdancehome.com\/en\/wp-json\/wp\/v2\/pages\/15894\/revisions\/25621"}],"wp:attachment":[{"href":"https:\/\/swingdancehome.com\/en\/wp-json\/wp\/v2\/media?parent=15894"}],"curies":[{"name":"wp","href":"https:\/\/api.w.org\/{rel}","templated":true}]}}