{"id":15648,"date":"2023-07-12T13:59:27","date_gmt":"2023-07-12T11:59:27","guid":{"rendered":"https:\/\/swingdancehome.com\/?page_id=15648"},"modified":"2026-04-18T09:51:45","modified_gmt":"2026-04-18T07:51:45","slug":"returns","status":"publish","type":"page","link":"https:\/\/swingdancehome.com\/en\/reembolsos\/","title":{"rendered":"Return policy"},"content":{"rendered":"<div data-elementor-type=\"wp-page\" data-elementor-id=\"15648\" class=\"elementor elementor-15648\" data-elementor-post-type=\"page\">\n\t\t\t\t\t\t<section class=\"elementor-section elementor-top-section elementor-element elementor-element-efe23df elementor-section-stretched elementor-section-boxed elementor-section-height-default elementor-section-height-default\" data-id=\"efe23df\" data-element_type=\"section\" data-e-type=\"section\" data-settings=\"{&quot;stretch_section&quot;:&quot;section-stretched&quot;,&quot;background_background&quot;:&quot;classic&quot;}\">\n\t\t\t\t\t\t<div class=\"elementor-container elementor-column-gap-default\">\n\t\t\t\t\t<div class=\"elementor-column elementor-col-100 elementor-top-column elementor-element elementor-element-645acdc\" data-id=\"645acdc\" data-element_type=\"column\" data-e-type=\"column\">\n\t\t\t<div class=\"elementor-widget-wrap elementor-element-populated\">\n\t\t\t\t\t\t<div class=\"elementor-element elementor-element-734911d elementor-widget elementor-widget-heading\" data-id=\"734911d\" data-element_type=\"widget\" data-e-type=\"widget\" data-widget_type=\"heading.default\">\n\t\t\t\t<div class=\"elementor-widget-container\">\n\t\t\t\t\t<h2 class=\"elementor-heading-title elementor-size-default\">Return policy<\/h2>\t\t\t\t<\/div>\n\t\t\t\t<\/div>\n\t\t\t\t\t<\/div>\n\t\t<\/div>\n\t\t\t\t\t<\/div>\n\t\t<\/section>\n\t\t<div class=\"elementor-element elementor-element-d9005c4 e-flex e-con-boxed e-con e-parent\" data-id=\"d9005c4\" data-element_type=\"container\" data-e-type=\"container\">\n\t\t\t\t\t<div class=\"e-con-inner\">\n\t\t\t\t<div class=\"elementor-element elementor-element-2b96c7b elementor-widget__width-initial elementor-widget-mobile__width-initial elementor-widget elementor-widget-image\" data-id=\"2b96c7b\" data-element_type=\"widget\" data-e-type=\"widget\" data-widget_type=\"image.default\">\n\t\t\t\t<div class=\"elementor-widget-container\">\n\t\t\t\t\t\t\t\t\t\t\t\t\t\t\t<img fetchpriority=\"high\" decoding=\"async\" width=\"768\" height=\"960\" src=\"https:\/\/swingdancehome.com\/wp-content\/uploads\/2021\/11\/OK-Roser-web-21-768x960.jpg\" class=\"attachment-medium_large size-medium_large wp-image-11540\" alt=\"Roser Ros, About Roser on Swing Dance Home\" srcset=\"https:\/\/swingdancehome.com\/wp-content\/uploads\/2021\/11\/OK-Roser-web-21-768x960.jpg.webp 768w, https:\/\/swingdancehome.com\/wp-content\/uploads\/2021\/11\/OK-Roser-web-21-240x300.jpg.webp 240w, https:\/\/swingdancehome.com\/wp-content\/uploads\/2021\/11\/OK-Roser-web-21-819x1024.jpg.webp 819w, https:\/\/swingdancehome.com\/wp-content\/uploads\/2021\/11\/OK-Roser-web-21-10x12.jpg.webp 10w, https:\/\/swingdancehome.com\/wp-content\/uploads\/2021\/11\/OK-Roser-web-21.jpg.webp 1280w\" sizes=\"(max-width: 768px) 100vw, 768px\" \/>\t\t\t\t\t\t\t\t\t\t\t\t\t\t\t<\/div>\n\t\t\t\t<\/div>\n\t\t<div class=\"elementor-element elementor-element-f9903b4 e-con-full e-flex e-con e-child\" data-id=\"f9903b4\" data-element_type=\"container\" data-e-type=\"container\">\n\t\t\t\t<div class=\"elementor-element elementor-element-f0a153a elementor-widget elementor-widget-text-editor\" data-id=\"f0a153a\" data-element_type=\"widget\" data-e-type=\"widget\" data-widget_type=\"text-editor.default\">\n\t\t\t\t<div class=\"elementor-widget-container\">\n\t\t\t\t\t\t\t\t\t<p>Thank you for choosing Swing Dance Home! Due to the nature of our membership system, <b>refunds are not possible<\/b>. We have taken great care to make it clear in every corner of the website that we work with a subscription\/membership model. On the other hand, during the registration process, you received an email reminding you that the product is a subscription and will renew automatically. During the registration process,<b> it was clearly communicated<\/b> that our website is a <b>membership platform<\/b> with <b>automatic<\/b> <b>renewal<\/b>.<\/p>\n<p>For the avoidance of doubt, we also have it well explained in <a href=\"https:\/\/swingdancehome.com\/en\/frequently-asked-questions\/\">FAQ - Frequently Asked Questions<\/a> , with detailed information about our membership model and the automatic renewal process. We have made every effort to <b>to communicate these terms clearly<\/b> to avoid any confusion or inconvenience.<\/p>\n<p>If you want to unsubscribe, you can do so by logging in <a href=\"\/en\/user-account\/\">here<\/a> and then clicking on Membership &gt;&gt; Cancel.\u00a0<\/p>\n<p class=\"translation-block\">We value your support and hope that our membership platform continues to provide you with <b>valuable<\/b> content and <b>services<\/b>. If you have any questions or need help, feel free to contact <a href=\"\/en\/contact-us\/\" target=\"_self\"><b>me<\/b><\/a>.<\/p>\n\t\t\t\t\t\t\t\t<\/div>\n\t\t\t\t<\/div>\n\t\t\t\t<\/div>\n\t\t\t\t\t<\/div>\n\t\t\t\t<\/div>\n\t\t\t\t<\/div>","protected":false},"excerpt":{"rendered":"<p>Reembolsos \u00a1Gracias por elegir Swing Dance Home! Debido a la naturaleza de nuestro sistema de membres\u00eda, los reembolsos no son posibles. Hemos cuidado mucho de dejar claro en cada rinc\u00f3n de la web que se trata de una suscripci\u00f3n o membres\u00eda. Por otra parte, durante el proceso de registro recibiste un email que recordaba que [&hellip;]<\/p>\n","protected":false},"author":138,"featured_media":0,"parent":0,"menu_order":0,"comment_status":"closed","ping_status":"closed","template":"","meta":{"_seopress_robots_primary_cat":"","_seopress_titles_title":"Pol\u00edtica de Reembolsos | SwingDanceHome.com - Devoluci\u00f3n de Clases de Swing en L\u00ednea","_seopress_titles_desc":"\u00bfNecesitas un reembolso? Descubre nuestra pol\u00edtica de devoluci\u00f3n de clases de swing en l\u00ednea en SwingDanceHome.com.","_seopress_robots_index":"yes","pmpro_default_level":"","footnotes":""},"class_list":["post-15648","page","type-page","status-publish","hentry","pmpro-has-access"],"_links":{"self":[{"href":"https:\/\/swingdancehome.com\/en\/wp-json\/wp\/v2\/pages\/15648","targetHints":{"allow":["GET"]}}],"collection":[{"href":"https:\/\/swingdancehome.com\/en\/wp-json\/wp\/v2\/pages"}],"about":[{"href":"https:\/\/swingdancehome.com\/en\/wp-json\/wp\/v2\/types\/page"}],"author":[{"embeddable":true,"href":"https:\/\/swingdancehome.com\/en\/wp-json\/wp\/v2\/users\/138"}],"replies":[{"embeddable":true,"href":"https:\/\/swingdancehome.com\/en\/wp-json\/wp\/v2\/comments?post=15648"}],"version-history":[{"count":1,"href":"https:\/\/swingdancehome.com\/en\/wp-json\/wp\/v2\/pages\/15648\/revisions"}],"predecessor-version":[{"id":25623,"href":"https:\/\/swingdancehome.com\/en\/wp-json\/wp\/v2\/pages\/15648\/revisions\/25623"}],"wp:attachment":[{"href":"https:\/\/swingdancehome.com\/en\/wp-json\/wp\/v2\/media?parent=15648"}],"curies":[{"name":"wp","href":"https:\/\/api.w.org\/{rel}","templated":true}]}}