{"id":10759,"date":"2021-09-13T12:21:32","date_gmt":"2021-09-13T10:21:32","guid":{"rendered":"https:\/\/swingdancehome.com\/?page_id=10759"},"modified":"2026-04-26T09:05:24","modified_gmt":"2026-04-26T07:05:24","slug":"subscribe-to-my-newsletter","status":"publish","type":"page","link":"https:\/\/swingdancehome.com\/en\/suscribete-a-mi-newsletter\/","title":{"rendered":"Subscribe to my newsletter"},"content":{"rendered":"\t\t<div data-elementor-type=\"wp-page\" data-elementor-id=\"10759\" class=\"elementor elementor-10759\" data-elementor-post-type=\"page\">\n\t\t\t\t<div class=\"elementor-element elementor-element-eff02aa e-con-full e-flex e-con e-parent\" data-id=\"eff02aa\" data-element_type=\"container\" data-e-type=\"container\" data-settings=\"{&quot;background_background&quot;:&quot;classic&quot;}\">\n\t\t\t\t<div class=\"elementor-element elementor-element-fc1676b elementor-widget elementor-widget-heading\" data-id=\"fc1676b\" data-element_type=\"widget\" data-e-type=\"widget\" data-widget_type=\"heading.default\">\n\t\t\t\t<div class=\"elementor-widget-container\">\n\t\t\t\t\t<h1 class=\"elementor-heading-title elementor-size-default\">Suscr\u00edbete a mi Newsletter<\/h1>\t\t\t\t<\/div>\n\t\t\t\t<\/div>\n\t\t\t\t<\/div>\n\t\t<div class=\"elementor-element elementor-element-3b81b3d e-flex e-con-boxed e-con e-parent\" data-id=\"3b81b3d\" data-element_type=\"container\" data-e-type=\"container\">\n\t\t\t\t\t<div class=\"e-con-inner\">\n\t\t\t\t<div class=\"elementor-element elementor-element-b398bbd elementor-widget__width-initial elementor-widget elementor-widget-text-editor\" data-id=\"b398bbd\" data-element_type=\"widget\" data-e-type=\"widget\" data-widget_type=\"text-editor.default\">\n\t\t\t\t<div class=\"elementor-widget-container\">\n\t\t\t\t\t\t\t\t\t<p>Descubre mis \u00faltimas lecciones y mantente siempre al d\u00eda.<\/p>\n\t\t\t\t\t\t\t\t<\/div>\n\t\t\t\t<\/div>\n\t\t\t\t<div class=\"elementor-element elementor-element-537f385 elementor-widget__width-initial elementor-widget elementor-widget-stm_mailchimp\" data-id=\"537f385\" data-element_type=\"widget\" data-e-type=\"widget\" data-widget_type=\"stm_mailchimp.default\">\n\t\t\t\t<div class=\"elementor-widget-container\">\n\t\t\t\t\t\n\t<div class=\"stm_subscribe  masterstudy_elementor_mailchimp_ module__63df9bcfb9b2f6992d6cdecc437f7f43\">\n\t\t<div class=\"widget widget_mailchimp\"><form action=\"\/\" class=\"stm_subscribe_1777412581\"><div class=\"stm_mailchimp_unit\"><div class=\"form-group\"><input type=\"email\" name=\"email\" class=\"form-control stm_subscribe_email\" placeholder=\"Enter your E-mail\" required\/><\/div><button class=\"button\"><span class=\"h5\">Subscribe<\/span><\/button><div class=\"stm_subscribe_preloader\">Please wait...<\/div><\/div><\/form>\n\t\t\t<script type=\"text\/javascript\">\n\t\t\t\tjQuery(document).ready( function($){\n\t\t\t\t\t$(\".stm_subscribe_1777412581\").on('submit', function (e) {\n\t\t\t\t\t\te.preventDefault;\n\t\t\t\t\t    var $this = $(this);\n\t\t\t\t\t\t$(\".stm_subscribe_preloader\").addClass(\"loading\");\n\t\t\t\t        $.ajax({\n\t\t\t\t            type: 'POST',\n\t\t\t\t            data: 'action=stm_subscribe&email=' + $($this).find(\".stm_subscribe_email\").val(),\n\t\t\t\t            dataType: 'json',\n\t\t\t\t            url: ajaxurl,\n\t\t\t\t            success: function (json) {\n\t\t\t\t                if (json['success']) {\n\t\t\t\t                    $($this).replaceWith('<div class=\"success_message\">' + json['success'] + '<\/div>');\n\t\t\t\t                }\n\t\t\t\t                if (json['error']) {\n\t\t\t\t                    alert(json['error']);\n\t\t\t\t                }\n\t\t\t\t                $(\".stm_subscribe_preloader\").removeClass(\"loading\");\n\t\t\t\t            }\n\t\t\t\t        });\n\n\t\t\t\t        return false;\n\t\t\t\t    });\n\t\t\t\t})\n\t\t\t<\/script>\n\t\t<\/div>\t<\/div> <!-- stm_subscribe -->\n\t\t\t\t<\/div>\n\t\t\t\t<\/div>\n\t\t\t\t\t<\/div>\n\t\t\t\t<\/div>\n\t\t<div class=\"elementor-element elementor-element-917842a e-flex e-con-boxed e-con e-parent\" data-id=\"917842a\" data-element_type=\"container\" data-e-type=\"container\">\n\t\t\t\t\t<div class=\"e-con-inner\">\n\t\t\t\t<div class=\"elementor-element elementor-element-7413c09 elementor-invisible elementor-widget elementor-widget-heading\" data-id=\"7413c09\" data-element_type=\"widget\" data-e-type=\"widget\" data-settings=\"{&quot;_animation&quot;:&quot;fadeInLeft&quot;}\" data-widget_type=\"heading.default\">\n\t\t\t\t<div class=\"elementor-widget-container\">\n\t\t\t\t\t<h2 class=\"elementor-heading-title elementor-size-default\">Ver ediciones anteriores<\/h2>\t\t\t\t<\/div>\n\t\t\t\t<\/div>\n\t\t\t\t<div class=\"elementor-element elementor-element-674d433 elementor-invisible elementor-widget elementor-widget-image\" data-id=\"674d433\" data-element_type=\"widget\" data-e-type=\"widget\" data-settings=\"{&quot;_animation&quot;:&quot;fadeInRight&quot;}\" data-widget_type=\"image.default\">\n\t\t\t\t<div class=\"elementor-widget-container\">\n\t\t\t\t\t\t\t\t\t\t\t\t\t\t\t\t<a href=\"https:\/\/us7.campaign-archive.com\/home\/?u=0dc77726630b9f4fe8b50f1bb&#038;id=77f0718b07\">\n\t\t\t\t\t\t\t<img fetchpriority=\"high\" decoding=\"async\" width=\"1024\" height=\"293\" src=\"https:\/\/swingdancehome.com\/wp-content\/uploads\/2026\/04\/newsletter-header-dez2024-longer-1024x293.png\" class=\"elementor-animation-wobble-horizontal attachment-large size-large wp-image-25771\" alt=\"newsletter header Swing Dance Home\" srcset=\"https:\/\/swingdancehome.com\/wp-content\/uploads\/2026\/04\/newsletter-header-dez2024-longer-1024x293.png 1024w, https:\/\/swingdancehome.com\/wp-content\/uploads\/2026\/04\/newsletter-header-dez2024-longer-300x86.png 300w, https:\/\/swingdancehome.com\/wp-content\/uploads\/2026\/04\/newsletter-header-dez2024-longer-768x219.png 768w, https:\/\/swingdancehome.com\/wp-content\/uploads\/2026\/04\/newsletter-header-dez2024-longer-1397x399.png 1397w, https:\/\/swingdancehome.com\/wp-content\/uploads\/2026\/04\/newsletter-header-dez2024-longer.png 1400w\" sizes=\"(max-width: 1024px) 100vw, 1024px\" \/>\t\t\t\t\t\t\t\t<\/a>\n\t\t\t\t\t\t\t\t\t\t\t\t\t\t\t<\/div>\n\t\t\t\t<\/div>\n\t\t\t\t\t<\/div>\n\t\t\t\t<\/div>\n\t\t\t\t<\/div>\n\t\t","protected":false},"excerpt":{"rendered":"<p>Suscr\u00edbete a mi Newsletter Descubre mis \u00faltimas lecciones y mantente siempre al d\u00eda. SubscribePlease wait&#8230; Ver ediciones anteriores<\/p>","protected":false},"author":414,"featured_media":0,"parent":0,"menu_order":0,"comment_status":"closed","ping_status":"closed","template":"","meta":{"_seopress_robots_primary_cat":"","_seopress_titles_title":"Suscr\u00edbete al newsletter de Swing Dance Home","_seopress_titles_desc":"Descubre las \u00faltimas lecciones de Swing Dance Home y mantente siempre al d\u00eda.","_seopress_robots_index":"yes","pmpro_default_level":"","footnotes":""},"class_list":["post-10759","page","type-page","status-publish","hentry","pmpro-has-access"],"_links":{"self":[{"href":"https:\/\/swingdancehome.com\/en\/wp-json\/wp\/v2\/pages\/10759","targetHints":{"allow":["GET"]}}],"collection":[{"href":"https:\/\/swingdancehome.com\/en\/wp-json\/wp\/v2\/pages"}],"about":[{"href":"https:\/\/swingdancehome.com\/en\/wp-json\/wp\/v2\/types\/page"}],"author":[{"embeddable":true,"href":"https:\/\/swingdancehome.com\/en\/wp-json\/wp\/v2\/users\/414"}],"replies":[{"embeddable":true,"href":"https:\/\/swingdancehome.com\/en\/wp-json\/wp\/v2\/comments?post=10759"}],"version-history":[{"count":16,"href":"https:\/\/swingdancehome.com\/en\/wp-json\/wp\/v2\/pages\/10759\/revisions"}],"predecessor-version":[{"id":25786,"href":"https:\/\/swingdancehome.com\/en\/wp-json\/wp\/v2\/pages\/10759\/revisions\/25786"}],"wp:attachment":[{"href":"https:\/\/swingdancehome.com\/en\/wp-json\/wp\/v2\/media?parent=10759"}],"curies":[{"name":"wp","href":"https:\/\/api.w.org\/{rel}","templated":true}]}}